{"id":21004,"date":"2020-07-01T17:05:06","date_gmt":"2020-07-01T15:05:06","guid":{"rendered":"https:\/\/modegaby.com\/condizioni-generali-di-vendita\/"},"modified":"2020-07-01T17:09:22","modified_gmt":"2020-07-01T15:09:22","slug":"condizioni-generali-di-vendita","status":"publish","type":"page","link":"https:\/\/modegaby.com\/it\/condizioni-generali-di-vendita\/","title":{"rendered":"Condizioni generali di vendita"},"content":{"rendered":"<h2>Condizioni generali di vendita<\/h2>\n<p>&nbsp;<\/p>\n<h4>I nostri CGV &#8211; Mode Gaby<\/h4>\n<p>I seguenti Condizioni Generali di contratto (di seguito denominati \u201eCGV\u201c) si applicano a tutte le vostre visite al Online Shop Mode Gaby (di seguito denominato \u201eOnline Shop\u201c) e all\u2018utilizzo dell\u2018Online Shop. Utilizzando il sito web ed effettuando gli ordini, l\u2018utente accetta l\u2018applicazione delle condizioni generali di vendita nella loro interezza.<\/p>\n<p>&nbsp;<\/p>\n<h4>Responsabile del Online Shop<\/h4>\n<p>Sport &amp; Moda Exclusiv di Vorhauser Gaby<br \/>\nVia Mercato Vecchio 20<br \/>\n39042 Bressanone<br \/>\nTel.: +39 0472 518 051<br \/>\ninfo@modegaby.com<br \/>\nwww.modegaby.com<\/p>\n<p>&nbsp;<\/p>\n<h4>Ordini nel Online Shop<\/h4>\n<p>Con ogni ordine nello Online Shop confermate quanto segue:<br \/>\n&#8211; che hai pi\u00f9 di 18 anni<br \/>\n&#8211; che tutte le informazioni e i dati personali forniti sono completi e corretti sotto ogni aspetto.<br \/>\n&#8211; di essere residente in uno Stato membro dell\u2018Unione Europea<br \/>\nSiamo a disposizione per domande telefoniche dal luned\u00ec al sabato.<\/p>\n<p>&nbsp;<\/p>\n<h4>Condizioni di spedizione e costi di spedizione<\/h4>\n<p>Gli ordini effettuati online tramite lo Online Shop vengono consegnati esclusivamente all\u2018interno dell\u2018area specificata (Italia, Austria e Germania). Consegniamo con diversi corrieri direttamente al vostro indirizzo di consegna specificato. Ci riserviamo il diritto di spedire solo i prodotti disponibili al momento dell\u2018ordine online. In questo caso, se necessario, effettueremo anche consegne parziali. Consegniamo sempre nel nostro imballaggio standard. Qualsiasi forma di imballaggio speciale che organizziamo su vostra richiesta pu\u00f2 comportare costi aggiuntivi per voi. Le nostre spese di spedizione dipendono dalla destinazione e dalla quantit\u00e0 acquistata. Qui potete trovare le nostre attuali spese di spedizione <a href=\"https:\/\/modegaby.com\/it\/informazioni-spedizione\/\">Informazioni Spedizione<\/a><\/p>\n<p>&nbsp;<\/p>\n<h4>Tempi di consegna<\/h4>\n<p>Ci riserviamo il diritto di trattenere le vostre consegne se le consegne precedenti non sono state interamente pagate. Faremo sempre il possibile per rispettare i tempi di consegna da noi comunicati al momento dell\u2018ordine. Nella misura massima consentita dalla legge, non saremo responsabili per eventuali danni, responsabilit\u00e0, costi o altre spese derivanti da una consegna tardiva. Tuttavia, i tempi di consegna dipendono da una serie di fattori. Pertanto non possiamo garantire date di consegna fisse. Di solito, i tempi di consegna della merce disponibile possono essere elaborati entro pochi giorni lavorativi dopo la conferma dell\u2018ordine. Naturalmente vi informeremo su eventuali ritardi.<\/p>\n<p>&nbsp;<\/p>\n<h4>Mora di accettazione<\/h4>\n<p>Consegniamo i prodotti ordinati direttamente all\u2018indirizzo di consegna da Lei indicato all\u2018interno dell\u2018area di consegna del Online Shop. Il rischio di perdita, danneggiamento o distruzione dei prodotti viene trasferito a voi dal momento della consegna. Mode Gaby si assume tale rischio fino al momento della consegna. Nel caso in cui la consegna sia ritardata o non sia assolutamente possibile e ci\u00f2 sia dovuto a motivi di vostra responsabilit\u00e0 (ad es. in caso di ritardo o rifiuto dell\u2018accettazione), il rischio passa a voi nel momento in cui la consegna sarebbe stata completata se non foste stati in mora di accettazione. In singoli casi ci riserviamo il diritto di richiedere dichiarazioni giurate in merito a presunte consegne errate o incomplete (compresi i presunti danni di trasporto).<\/p>\n<p>&nbsp;<\/p>\n<h4>Diritto di recesso<\/h4>\n<p>In relazione al vostro ordine nello Online Shop avete un diritto di recesso legale, dal quale sono consentite deroghe solo a vostro favore. Vi informiamo di questo come segue:<\/p>\n<p><strong>Politica di cancellazione<\/strong><br \/>\nAvete il diritto di recedere dal contratto entro quattordici giorni senza doverne indicare i motivi. Fanno eccezione i prodotti personalizzati o merce scontata. Il periodo di recesso \u00e8 di 14 giorni dal giorno in cui lei o un terzo da lei designato, diverso dal trasportatore, ha preso possesso dei prodotti. Per poter esercitare il diritto di recesso, \u00e8 necessario che ci informiate (Sport &amp; Mode Exklusiv di Vorhauser Gaby, Via Mercato Vecchio 20, 39042 Bressanone, Tel.: +39 0472 518 051, info@modegaby.com) della vostra decisione di recedere tramite una chiara dichiarazione via e-mail. Potete anche esercitare il vostro diritto di recesso semplicemente restituendoci i prodotti entro il periodo di recesso. Per rispettare il termine di revoca \u00e8 sufficiente inviare la notifica dell\u2018esercizio del diritto di revoca prima della fine del periodo di revoca. Qui potete trovare il <a href=\"https:\/\/modegaby.com\/wp-content\/uploads\/modulo-recesso-1.pdf\">modulo di revoca<\/a><\/p>\n<p><strong>Conseguenze della revoca<\/strong><br \/>\nIn caso di annullamento del presente contratto, vi rimborseremo tutti i pagamenti che abbiamo ricevuto da voi, incluse le spese di consegna (ad eccezione di eventuali spese aggiuntive derivanti dalla vostra scelta di un metodo di consegna diverso dalla consegna standard pi\u00f9 economica da noi offerta), immediatamente e non oltre quattordici giorni dalla data in cui abbiamo ricevuto la notifica della vostra cancellazione del presente contratto. Per questo rimborso, utilizzeremo gli stessi mezzi di pagamento che avete utilizzato per la transazione originale, a meno che non sia stato espressamente concordato diversamente con voi; in nessun caso vi verr\u00e0 addebitato questo rimborso. Potremo rifiutare il rimborso fino a quando non avremo ricevuto i prodotti o fino a quando non avrai fornito la prova di aver restituito i prodotti, a seconda di quale delle due ipotesi si verifichi per prima. L\u2018utente \u00e8 tenuto a restituirci i prodotti immediatamente e in ogni caso non oltre quattordici giorni dal giorno in cui ci ha notificato la cancellazione del presente contratto. <a href=\"https:\/\/modegaby.com\/it\/contatto\/\">Dati di contatto<\/a><br \/>\nSi deve pagare per un\u2018eventuale perdita di valore dei prodotti solo se questa perdita di valore \u00e8 dovuta ad una manipolazione dei prodotti che non \u00e8 necessaria per testare lo stato, le propriet\u00e0 e la funzionalit\u00e0 dei prodotti.<\/p>\n<p>Deve pagare per qualsiasi perdita di valore dei prodotti solo in caso se questa perdita di valore \u00e8 un danno che \u00e8 stato causato da voi stessi.<\/p>\n<p>&nbsp;<\/p>\n<h4>Risarcimento \/ Richieste di garanzia<\/h4>\n<p>Abbiamo la pretesa di fornire solo prodotti della migliore qualit\u00e0. Qualora i prodotti ricevuti fossero comunque difettosi o danneggiati, vi preghiamo di contattarci telefonicamente.<br \/>\nNei seguenti casi \u00e8 escluso un rimborso o una sostituzione e vi rispediremo il prodotto:<br \/>\nSi prega di notare che ci riserviamo il diritto di rifiutare le vostre richieste di sostituzione, riparazione o rimborso se il difetto \u00e8 dovuto alla normale usura dei prodotti che hanno superato la loro normale durata di vita. Mode Gaby si riserva il diritto di modificare i prezzi o le specifiche tecniche e non pu\u00f2 essere ritenuta responsabile per errori di testo o di immagine. A causa di limitazioni tecniche, i colori del prodotto possono differire leggermente dai colori originali. In caso contrario si applicano i termini di garanzia previsti dalla legge per i difetti della merce acquistata. Mode Gaby sar\u00e0 responsabile per i danni esclusivamente in conformit\u00e0 con le seguenti condizioni:<br \/>\nMode Gaby (compresi i rappresentanti legali e gli agenti ausiliari) \u00e8 responsabile senza limitazioni nei casi di richieste di risarcimento danni e di rimborso spese, indipendentemente dalla base giuridica, per dolo e colpa grave, per lesioni alla vita, al corpo o alla salute, nonch\u00e9 per la violazione di obblighi contrattuali essenziali.<br \/>\nTuttavia, il diritto al risarcimento dei danni per la violazione di obblighi contrattuali essenziali \u00e8 limitato ai danni prevedibili tipici del contratto, a meno che non vi sia dolo o grave negligenza o si assuma la responsabilit\u00e0 per lesioni alla vita, al corpo o alla salute.<\/p>\n<p>&nbsp;<\/p>\n<h4>Opzioni di pagamento<\/h4>\n<p>Per uno shopping sicuro e confortevole nel nostro Online Shop offriamo i seguenti metodi di pagamento:<br \/>\n&#8211; PayPal<br \/>\n&#8211; Bonifico bancario SEPA<br \/>\nTutti i pagamenti devono essere effettuati a favore di Mode Gaby senza detrazioni e si considerano effettuati solo quando Mode Gaby pu\u00f2 disporre liberamente dell\u2018importo.<\/p>\n<p>&nbsp;<\/p>\n<h4>PayPal<\/h4>\n<p>Per una transazione di pagamento semplice e veloce \u00e8 possibile pagare anche tramite PayPal nel Online Shop. Scegliendo il metodo di pagamento PayPal al momento del check-out, sarete automaticamente reindirizzati alla vostra pagina PayPal dopo aver cliccato su \u201eContinua\u201c. L\u00ec potete comodamente pagare con il vostro indirizzo e-mail e la vostra password. Sul tuo conto PayPal verr\u00e0 addebitato direttamente l\u2018importo corrispondente all\u2018acquisto. Non \u00e8 necessario essere un cliente PayPal registrato per utilizzare questo metodo di pagamento. Basta effettuare il login su PayPal durante il processo di pagamento. Potete collegare il vostro conto PayPal al vostro conto bancario e alla vostra carta di credito. Potete registrarvi con PayPal qui: <a href=\"https:\/\/paypal.com\">www.paypal.com<\/a><\/p>\n<h4><\/h4>\n<h4>Bonifico bancario<\/h4>\n<p>In caso di pagamento tramite bonifico bancario, potete comodamente effettuare il pagamento direttamente durante l\u2018ordine tramite il vostro conto bancario online.<\/p>\n<p>Per proteggere i vostri dati personali durante i pagamenti online, utilizziamo tecnologie di crittografia testate:<br \/>\nCon SSL (Secure Socket Layer), tutti i dati personali e i dati necessari per il pagamento, che vengono inseriti tramite il nostro sito web, ci vengono trasmessi in forma criptata e naturalmente trattati in modo confidenziale.<\/p>\n<p>&nbsp;<\/p>\n<h4>Prezzi<\/h4>\n<p>Tutti i prezzi indicati nel nostro Online Shop sono in Euro e includono l\u2018imposta sul valore aggiunto legale. Non siamo vincolati a prezzi erroneamente contrassegnati. In caso di spese di spedizione, vi informeremo immediatamente prima di effettuare l\u2018ordine.<\/p>\n<p>&nbsp;<\/p>\n<h4>Inadempienza di pagamento<\/h4>\n<p>Se il servizio di pagamento da voi scelto (PayPal o bonifico bancario) rifiuta di autorizzare il pagamento &#8211; per qualsiasi motivo &#8211; non accetteremo il vostro ordine. In questi casi, l\u2018utente non pu\u00f2 avanzare alcuna pretesa nei nostri confronti a causa del rifiuto o del ritardo nel pagamento.<\/p>\n<p>&nbsp;<\/p>\n<h4>Fattura<\/h4>\n<p>Ci riserviamo il diritto di emettere le nostre fatture esclusivamente in formato elettronico.<\/p>\n<p>&nbsp;<\/p>\n<h4>Riserva di propriet\u00e0<\/h4>\n<p>Fino a quando il prezzo di acquisto non sar\u00e0 stato pagato per intero, Mode Gaby rimarr\u00e0 proprietario dei prodotti consegnati.<\/p>\n<div><\/div>\n<div><\/div>\n<div>\n<h4>Privacy<\/h4>\n<p>Prendiamo molto seriamente il tema della protezione dei dati e in questo senso rispettiamo le norme. Qui trovate le nostre informazioni sulla protezione dei dati: Informativa sulla <a href=\"http:\/\/modegaby.com\/it\/privacy\">privacy<\/a><\/p>\n<\/div>\n<div>\n<div>\n<div><\/div>\n<\/div>\n<\/div>\n<p>&nbsp;<\/p>\n<div>\n<div>\n<h4>Risoluzione delle controversie<\/h4>\n<p>In base alla legge vigente, siamo obbligati a informare i consumatori dell\u2018esistenza della Piattaforma europea di risoluzione delle controversie online: <a href=\"http:\/\/modegaby.com\/it\/note-legali\/\">Qui<\/a><\/p>\n<\/div>\n<div><\/div>\n<\/div>\n<div><\/div>\n<h4>Adeguamenti alle CGV<\/h4>\n<p>Mode Gaby si riserva il diritto di adattare e integrare i presenti CGV in qualsiasi momento, nonch\u00e9 di modificarne la struttura per quanto necessario. Le CGV adattate saranno sempre pubblicate su questo sito web in modo facilmente visibile per voi e sono considerate accettate a meno che non vi opponiate entro un mese dalla pubblicazione. Pertanto, vi consigliamo di visitare regolarmente questo sito web per rimanere informati sullo stato attuale delle nostre CGV.<\/p>\n<h4><\/h4>\n<h4>Legge applicabile \/ giurisdizione<\/h4>\n<p>Se al momento della conclusione del rispettivo contratto avete la vostra residenza o dimora abituale in un altro Stato dell\u2018UE, l\u2018applicazione delle disposizioni di legge imperative (in particolare i periodi di protezione dei consumatori) di quest\u2018altro Stato non \u00e8 influenzata dalla scelta della legge di cui sopra. Le disposizioni di legge si applicano al foro competente.<\/p>\n<h4><\/h4>\n<h4>Clausola di separabilit\u00e0<\/h4>\n<p>Qualora una delle disposizioni di cui sopra delle presenti CGV venga giudicata non valida o incompleta da un tribunale, le restanti disposizioni rimangono invariate.<\/p>\n<p>&nbsp;<\/p>\n<p>Mode Gaby &#8211; Le Condizioni Generali sono state aggiornate l\u2018ultima volta a maggio 2020.<\/p>\n","protected":false},"excerpt":{"rendered":"<p>Condizioni generali di vendita &nbsp; I nostri CGV &#8211; Mode Gaby I seguenti Condizioni Generali di contratto (di seguito denominati<\/p>\n","protected":false},"author":1,"featured_media":0,"parent":0,"menu_order":0,"comment_status":"closed","ping_status":"closed","template":"","meta":{"footnotes":""},"yoast_head":"<!-- This site is optimized with the Yoast SEO plugin v23.5 - https:\/\/yoast.com\/wordpress\/plugins\/seo\/ -->\n<title>Condizioni generali di vendita | Mode Gaby Alto Adige<\/title>\n<meta name=\"description\" content=\"Dirndl \u00b7 Pantaloni in pelle \u00b7 Abbigliamento tradizionale. Mode gaby a Bressanone Alto Adige\" \/>\n<meta name=\"robots\" content=\"index, follow, max-snippet:-1, max-image-preview:large, max-video-preview:-1\" \/>\n<link rel=\"canonical\" href=\"https:\/\/modegaby.com\/it\/condizioni-generali-di-vendita\/\" \/>\n<meta property=\"og:locale\" content=\"it_IT\" \/>\n<meta property=\"og:type\" content=\"article\" \/>\n<meta property=\"og:title\" content=\"Condizioni generali di vendita | Mode Gaby Alto Adige\" \/>\n<meta property=\"og:description\" content=\"Dirndl \u00b7 Pantaloni in pelle \u00b7 Abbigliamento tradizionale. Mode gaby a Bressanone Alto Adige\" \/>\n<meta property=\"og:url\" content=\"https:\/\/modegaby.com\/it\/condizioni-generali-di-vendita\/\" \/>\n<meta property=\"og:site_name\" content=\"Mode Gaby\" \/>\n<meta property=\"article:modified_time\" content=\"2020-07-01T15:09:22+00:00\" \/>\n<meta name=\"twitter:card\" content=\"summary_large_image\" \/>\n<meta name=\"twitter:label1\" content=\"Tempo di lettura stimato\" \/>\n\t<meta name=\"twitter:data1\" content=\"9 minuti\" \/>\n<script type=\"application\/ld+json\" class=\"yoast-schema-graph\">{\"@context\":\"https:\/\/schema.org\",\"@graph\":[{\"@type\":\"WebPage\",\"@id\":\"https:\/\/modegaby.com\/it\/condizioni-generali-di-vendita\/\",\"url\":\"https:\/\/modegaby.com\/it\/condizioni-generali-di-vendita\/\",\"name\":\"Condizioni generali di vendita | Mode Gaby Alto Adige\",\"isPartOf\":{\"@id\":\"https:\/\/modegaby.com\/it\/#website\"},\"datePublished\":\"2020-07-01T15:05:06+00:00\",\"dateModified\":\"2020-07-01T15:09:22+00:00\",\"description\":\"Dirndl \u00b7 Pantaloni in pelle \u00b7 Abbigliamento tradizionale. Mode gaby a Bressanone Alto Adige\",\"breadcrumb\":{\"@id\":\"https:\/\/modegaby.com\/it\/condizioni-generali-di-vendita\/#breadcrumb\"},\"inLanguage\":\"it-IT\",\"potentialAction\":[{\"@type\":\"ReadAction\",\"target\":[\"https:\/\/modegaby.com\/it\/condizioni-generali-di-vendita\/\"]}]},{\"@type\":\"BreadcrumbList\",\"@id\":\"https:\/\/modegaby.com\/it\/condizioni-generali-di-vendita\/#breadcrumb\",\"itemListElement\":[{\"@type\":\"ListItem\",\"position\":1,\"name\":\"Startseite\",\"item\":\"https:\/\/modegaby.com\/it\/\"},{\"@type\":\"ListItem\",\"position\":2,\"name\":\"Condizioni generali di vendita\"}]},{\"@type\":\"WebSite\",\"@id\":\"https:\/\/modegaby.com\/it\/#website\",\"url\":\"https:\/\/modegaby.com\/it\/\",\"name\":\"Mode Gaby\",\"description\":\"Abbigliamento tradizionale e moda in Alto Adige\",\"publisher\":{\"@id\":\"https:\/\/modegaby.com\/it\/#organization\"},\"potentialAction\":[{\"@type\":\"SearchAction\",\"target\":{\"@type\":\"EntryPoint\",\"urlTemplate\":\"https:\/\/modegaby.com\/it\/?s={search_term_string}\"},\"query-input\":{\"@type\":\"PropertyValueSpecification\",\"valueRequired\":true,\"valueName\":\"search_term_string\"}}],\"inLanguage\":\"it-IT\"},{\"@type\":\"Organization\",\"@id\":\"https:\/\/modegaby.com\/it\/#organization\",\"name\":\"Mode Gaby\",\"url\":\"https:\/\/modegaby.com\/it\/\",\"logo\":{\"@type\":\"ImageObject\",\"inLanguage\":\"it-IT\",\"@id\":\"https:\/\/modegaby.com\/it\/#\/schema\/logo\/image\/\",\"url\":\"https:\/\/modegaby.com\/wp-content\/uploads\/mode-gaby-logo-gross-1.png\",\"contentUrl\":\"https:\/\/modegaby.com\/wp-content\/uploads\/mode-gaby-logo-gross-1.png\",\"width\":425,\"height\":195,\"caption\":\"Mode Gaby\"},\"image\":{\"@id\":\"https:\/\/modegaby.com\/it\/#\/schema\/logo\/image\/\"}}]}<\/script>\n<!-- \/ Yoast SEO plugin. -->","yoast_head_json":{"title":"Condizioni generali di vendita | Mode Gaby Alto Adige","description":"Dirndl \u00b7 Pantaloni in pelle \u00b7 Abbigliamento tradizionale. Mode gaby a Bressanone Alto Adige","robots":{"index":"index","follow":"follow","max-snippet":"max-snippet:-1","max-image-preview":"max-image-preview:large","max-video-preview":"max-video-preview:-1"},"canonical":"https:\/\/modegaby.com\/it\/condizioni-generali-di-vendita\/","og_locale":"it_IT","og_type":"article","og_title":"Condizioni generali di vendita | Mode Gaby Alto Adige","og_description":"Dirndl \u00b7 Pantaloni in pelle \u00b7 Abbigliamento tradizionale. Mode gaby a Bressanone Alto Adige","og_url":"https:\/\/modegaby.com\/it\/condizioni-generali-di-vendita\/","og_site_name":"Mode Gaby","article_modified_time":"2020-07-01T15:09:22+00:00","twitter_card":"summary_large_image","twitter_misc":{"Tempo di lettura stimato":"9 minuti"},"schema":{"@context":"https:\/\/schema.org","@graph":[{"@type":"WebPage","@id":"https:\/\/modegaby.com\/it\/condizioni-generali-di-vendita\/","url":"https:\/\/modegaby.com\/it\/condizioni-generali-di-vendita\/","name":"Condizioni generali di vendita | Mode Gaby Alto Adige","isPartOf":{"@id":"https:\/\/modegaby.com\/it\/#website"},"datePublished":"2020-07-01T15:05:06+00:00","dateModified":"2020-07-01T15:09:22+00:00","description":"Dirndl \u00b7 Pantaloni in pelle \u00b7 Abbigliamento tradizionale. Mode gaby a Bressanone Alto Adige","breadcrumb":{"@id":"https:\/\/modegaby.com\/it\/condizioni-generali-di-vendita\/#breadcrumb"},"inLanguage":"it-IT","potentialAction":[{"@type":"ReadAction","target":["https:\/\/modegaby.com\/it\/condizioni-generali-di-vendita\/"]}]},{"@type":"BreadcrumbList","@id":"https:\/\/modegaby.com\/it\/condizioni-generali-di-vendita\/#breadcrumb","itemListElement":[{"@type":"ListItem","position":1,"name":"Startseite","item":"https:\/\/modegaby.com\/it\/"},{"@type":"ListItem","position":2,"name":"Condizioni generali di vendita"}]},{"@type":"WebSite","@id":"https:\/\/modegaby.com\/it\/#website","url":"https:\/\/modegaby.com\/it\/","name":"Mode Gaby","description":"Abbigliamento tradizionale e moda in Alto Adige","publisher":{"@id":"https:\/\/modegaby.com\/it\/#organization"},"potentialAction":[{"@type":"SearchAction","target":{"@type":"EntryPoint","urlTemplate":"https:\/\/modegaby.com\/it\/?s={search_term_string}"},"query-input":{"@type":"PropertyValueSpecification","valueRequired":true,"valueName":"search_term_string"}}],"inLanguage":"it-IT"},{"@type":"Organization","@id":"https:\/\/modegaby.com\/it\/#organization","name":"Mode Gaby","url":"https:\/\/modegaby.com\/it\/","logo":{"@type":"ImageObject","inLanguage":"it-IT","@id":"https:\/\/modegaby.com\/it\/#\/schema\/logo\/image\/","url":"https:\/\/modegaby.com\/wp-content\/uploads\/mode-gaby-logo-gross-1.png","contentUrl":"https:\/\/modegaby.com\/wp-content\/uploads\/mode-gaby-logo-gross-1.png","width":425,"height":195,"caption":"Mode Gaby"},"image":{"@id":"https:\/\/modegaby.com\/it\/#\/schema\/logo\/image\/"}}]}},"_links":{"self":[{"href":"https:\/\/modegaby.com\/it\/wp-json\/wp\/v2\/pages\/21004"}],"collection":[{"href":"https:\/\/modegaby.com\/it\/wp-json\/wp\/v2\/pages"}],"about":[{"href":"https:\/\/modegaby.com\/it\/wp-json\/wp\/v2\/types\/page"}],"author":[{"embeddable":true,"href":"https:\/\/modegaby.com\/it\/wp-json\/wp\/v2\/users\/1"}],"replies":[{"embeddable":true,"href":"https:\/\/modegaby.com\/it\/wp-json\/wp\/v2\/comments?post=21004"}],"version-history":[{"count":2,"href":"https:\/\/modegaby.com\/it\/wp-json\/wp\/v2\/pages\/21004\/revisions"}],"predecessor-version":[{"id":21006,"href":"https:\/\/modegaby.com\/it\/wp-json\/wp\/v2\/pages\/21004\/revisions\/21006"}],"wp:attachment":[{"href":"https:\/\/modegaby.com\/it\/wp-json\/wp\/v2\/media?parent=21004"}],"curies":[{"name":"wp","href":"https:\/\/api.w.org\/{rel}","templated":true}]}}