{"id":20990,"date":"2020-07-01T13:51:26","date_gmt":"2020-07-01T11:51:26","guid":{"rendered":"https:\/\/modegaby.com\/informazioni-spedizione\/"},"modified":"2020-07-01T13:51:26","modified_gmt":"2020-07-01T11:51:26","slug":"informazioni-spedizione","status":"publish","type":"page","link":"https:\/\/modegaby.com\/it\/informazioni-spedizione\/","title":{"rendered":"Informazioni Spedizione"},"content":{"rendered":"<div class=\"fusion-fullwidth fullwidth-box fusion-builder-row-1 nonhundred-percent-fullwidth non-hundred-percent-height-scrolling\" style=\"--awb-border-radius-top-left:0px;--awb-border-radius-top-right:0px;--awb-border-radius-bottom-right:0px;--awb-border-radius-bottom-left:0px;--awb-flex-wrap:wrap;\" ><div class=\"fusion-builder-row fusion-row\"><div class=\"fusion-layout-column fusion_builder_column fusion-builder-column-0 fusion_builder_column_1_1 1_1 fusion-one-full fusion-column-first fusion-column-last\" style=\"--awb-bg-size:cover;--awb-margin-top:0px;--awb-margin-bottom:0px;\"><div class=\"fusion-column-wrapper fusion-flex-column-wrapper-legacy\"><div class=\"fusion-title title fusion-title-1 fusion-title-text fusion-title-size-two\"><h2 class=\"fusion-title-heading title-heading-left fusion-responsive-typography-calculated\" style=\"margin:0;--fontSize:50;line-height:1.26;\"><p class=\"p1\">Informazioni sulla spedizione<\/p><\/h2><span class=\"awb-title-spacer\"><\/span><div class=\"title-sep-container\"><div class=\"title-sep sep- sep-solid\" style=\"border-color:#e0dede;\"><\/div><\/div><\/div><div class=\"fusion-text fusion-text-1\"><h4>Zona di consegna &#8211; Logistica<\/h4>\n<p>Attualmente consegniamo nei seguenti paesi: Italia, Germania e Austria. Consegniamo con diversi corrieri direttamente all\u2018indirizzo di consegna da voi indicato.<\/p>\n<h4><\/h4>\n<h4>Consegna<\/h4>\n<p>La merce ordinata viene normalmente consegnata al destinatario entro 3-7 giorni lavorativi dal ricevimento del pagamento. Purtroppo non possiamo garantire i tempi di consegna. Sarete informati immediatamente in caso di ritardi nella consegna o di problemi di consegna.<\/p>\n<h4><\/h4>\n<h4>Diritto di riserva<\/h4>\n<p>Non siamo obbligati a consegnare se la merce non \u00e8 disponibile. Vi informeremo il pi\u00f9 presto possibile e vi rimborseremo senza indugio i pagamenti da voi effettuati. Abbiamo il diritto a consegne parziali. Per le offerte speciali possiamo consegnare solo fino ad esaurimento scorte.<\/p>\n<h4><\/h4>\n<h4>Consegne difettose e incomplete<\/h4>\n<p>Se trovate che la merce ordinata \u00e8 incompleta o che avete ricevuto un articolo che non avete ordinato, vi preghiamo di contattarci per telefono: +39 0472 518 051 o per e-mail: info@modegaby.com. Possiamo far ritirare una consegna difettosa dal nostro partner logistico o, se desiderate restituire il pacco voi stessi, potete rispedircelo come un normale pacco postale e vi rimborseremo i costi sostenuti. Gli ordini provenienti dal nostro negozio online possono essere restituiti entro il nostro periodo di ritorno di 14 giorni, che conta a partire dalla data di consegna del pacco.<\/p>\n<h4><\/h4>\n<h4>Accettazione dell\u2018ordine<\/h4>\n<p>La presentazione dei prodotti nel negozio online rappresenta un catalogo online non vincolante. Solo cliccando su \u201eInvia ordine\u201c il vostro ordine \u00e8 vincolante. La conferma dell\u2018ordine sar\u00e0 inviata via e-mail, con la quale si conclude il contratto di vendita. I prezzi applicati sono sempre quelli validi il giorno dell\u2018ordine.<\/p>\n<h4><\/h4>\n<h4>Spese di spedizione<\/h4>\n<p>Le spese di spedizione dipendono dall\u2018indirizzo di consegna, dal peso e dal volume dell\u2018ordine. Le spese di spedizione esatte possono essere visualizzate nel carrello (cliccando su spedizione o sul calcolo dei costi di spedizione e inserendo il luogo di consegna). Ecco una breve panoramica dei prezzi<\/p>\n<\/div>\n<div class=\"table-1\">\n<table width=\"100%\">\n<thead>\n<tr>\n<th align=\"left\">Destinazione<\/th>\n<th align=\"left\">Spese di spedizione<\/th>\n<\/tr>\n<\/thead>\n<tbody>\n<tr>\n<td align=\"left\">Alto Adige \/ Italia<\/td>\n<td align=\"left\">9,00 \u20ac IVA incl. &#8211; spedizione gratuita per ordini superiori a 50,00 \u20ac<\/td>\n<\/tr>\n<tr>\n<td align=\"left\">Austria, Germania<\/td>\n<td align=\"left\">\n<div class=\"table-1\">9,00 \u20ac IVA incl.<\/div>\n<\/td>\n<\/tr>\n<\/tbody>\n<\/table>\n<\/div>\n<div class=\"fusion-text fusion-text-2\"><div id=\"primary\" class=\"content-area\">\n<article id=\"post-337\" class=\"post-337 page type-page status-publish hentry\">*Tutti i prezzi sono comprensivi dell\u2018imposta sul valore aggiunto legale in vigore. Tutti i prezzi, informazioni senza garanzia. Nel frattempo sono possibili dei cambiamenti.<\/p>\n<article id=\"post-337\" class=\"post-337 page type-page status-publish hentry\"><\/article>\n<\/article>\n<\/div>\n<\/div><div class=\"fusion-text fusion-text-3\"><h4>Prezzi<\/h4>\n<p>Tutti i nostri prezzi sono comprensivi dell\u2018imposta sul valore aggiunto legale. Riceverete una fattura da parte nostra, in base alla quale i prodotti ordinati rimangono di nostra propriet\u00e0 fino al ricevimento del pagamento completo.<\/p>\n<h4><\/h4>\n<h4>Fatturazione<\/h4>\n<p>Le nostre fatture sono emesse in Euro (\u20ac).<\/p>\n<h4><\/h4>\n<h4>Valore minimo d\u2019ordine<\/h4>\n<p>Attualmente non esiste un valore minimo d\u2018ordine.<\/p>\n<h4><\/h4>\n<h4>Tempi di consegna<\/h4>\n<p>Il tempo di consegna standart, dopo il ricevimento dell\u2018ordine, \u00e8<br \/>\n\u00b7 Italia: 2 &#8211; 3 giorni<br \/>\n\u00b7 Germania e Austria: 3 &#8211; 7 giorni<\/p>\n<p>Vi informeremo immediatamente in caso di ritardi o difficolt\u00e0 di consegna. Il calcolo dei costi di spedizione \u00e8 disponibile solo se avete qualcosa nel vostro carrello. Se qualche informazione sul nostro sito non \u00e8 corretta o incompleta, vi preghiamo di farcelo sapere.<\/p>\n<\/div><div class=\"fusion-clearfix\"><\/div><\/div><\/div><\/div><\/div>\n","protected":false},"excerpt":{"rendered":"","protected":false},"author":1,"featured_media":0,"parent":0,"menu_order":0,"comment_status":"closed","ping_status":"closed","template":"","meta":{"footnotes":""},"yoast_head":"<!-- This site is optimized with the Yoast SEO plugin v23.5 - https:\/\/yoast.com\/wordpress\/plugins\/seo\/ -->\n<title>Spedizioni | Mode Gaby Alto Adige | Trachten und Mode Gesch\u00e4ft<\/title>\n<meta name=\"description\" content=\"Comprare online abbigliamento tradizionale dell\u2019Alto Adige. Pantaloni in pelle, Dirndl, Camicie e molto altro. ModeGaby.com\" \/>\n<meta name=\"robots\" content=\"index, follow, max-snippet:-1, max-image-preview:large, max-video-preview:-1\" \/>\n<link rel=\"canonical\" href=\"https:\/\/modegaby.com\/it\/informazioni-spedizione\/\" \/>\n<meta property=\"og:locale\" content=\"it_IT\" \/>\n<meta property=\"og:type\" content=\"article\" \/>\n<meta property=\"og:title\" content=\"Spedizioni | Mode Gaby Alto Adige | Trachten und Mode Gesch\u00e4ft\" \/>\n<meta property=\"og:description\" content=\"Comprare online abbigliamento tradizionale dell\u2019Alto Adige. Pantaloni in pelle, Dirndl, Camicie e molto altro. ModeGaby.com\" \/>\n<meta property=\"og:url\" content=\"https:\/\/modegaby.com\/it\/informazioni-spedizione\/\" \/>\n<meta property=\"og:site_name\" content=\"Mode Gaby\" \/>\n<meta name=\"twitter:card\" content=\"summary_large_image\" \/>\n<meta name=\"twitter:label1\" content=\"Tempo di lettura stimato\" \/>\n\t<meta name=\"twitter:data1\" content=\"4 minuti\" \/>\n<script type=\"application\/ld+json\" class=\"yoast-schema-graph\">{\"@context\":\"https:\/\/schema.org\",\"@graph\":[{\"@type\":\"WebPage\",\"@id\":\"https:\/\/modegaby.com\/it\/informazioni-spedizione\/\",\"url\":\"https:\/\/modegaby.com\/it\/informazioni-spedizione\/\",\"name\":\"Spedizioni | Mode Gaby Alto Adige | Trachten und Mode Gesch\u00e4ft\",\"isPartOf\":{\"@id\":\"https:\/\/modegaby.com\/it\/#website\"},\"datePublished\":\"2020-07-01T11:51:26+00:00\",\"dateModified\":\"2020-07-01T11:51:26+00:00\",\"description\":\"Comprare online abbigliamento tradizionale dell\u2019Alto Adige. Pantaloni in pelle, Dirndl, Camicie e molto altro. ModeGaby.com\",\"breadcrumb\":{\"@id\":\"https:\/\/modegaby.com\/it\/informazioni-spedizione\/#breadcrumb\"},\"inLanguage\":\"it-IT\",\"potentialAction\":[{\"@type\":\"ReadAction\",\"target\":[\"https:\/\/modegaby.com\/it\/informazioni-spedizione\/\"]}]},{\"@type\":\"BreadcrumbList\",\"@id\":\"https:\/\/modegaby.com\/it\/informazioni-spedizione\/#breadcrumb\",\"itemListElement\":[{\"@type\":\"ListItem\",\"position\":1,\"name\":\"Startseite\",\"item\":\"https:\/\/modegaby.com\/it\/\"},{\"@type\":\"ListItem\",\"position\":2,\"name\":\"Informazioni Spedizione\"}]},{\"@type\":\"WebSite\",\"@id\":\"https:\/\/modegaby.com\/it\/#website\",\"url\":\"https:\/\/modegaby.com\/it\/\",\"name\":\"Mode Gaby\",\"description\":\"Abbigliamento tradizionale e moda in Alto Adige\",\"publisher\":{\"@id\":\"https:\/\/modegaby.com\/it\/#organization\"},\"potentialAction\":[{\"@type\":\"SearchAction\",\"target\":{\"@type\":\"EntryPoint\",\"urlTemplate\":\"https:\/\/modegaby.com\/it\/?s={search_term_string}\"},\"query-input\":{\"@type\":\"PropertyValueSpecification\",\"valueRequired\":true,\"valueName\":\"search_term_string\"}}],\"inLanguage\":\"it-IT\"},{\"@type\":\"Organization\",\"@id\":\"https:\/\/modegaby.com\/it\/#organization\",\"name\":\"Mode Gaby\",\"url\":\"https:\/\/modegaby.com\/it\/\",\"logo\":{\"@type\":\"ImageObject\",\"inLanguage\":\"it-IT\",\"@id\":\"https:\/\/modegaby.com\/it\/#\/schema\/logo\/image\/\",\"url\":\"https:\/\/modegaby.com\/wp-content\/uploads\/mode-gaby-logo-gross-1.png\",\"contentUrl\":\"https:\/\/modegaby.com\/wp-content\/uploads\/mode-gaby-logo-gross-1.png\",\"width\":425,\"height\":195,\"caption\":\"Mode Gaby\"},\"image\":{\"@id\":\"https:\/\/modegaby.com\/it\/#\/schema\/logo\/image\/\"}}]}<\/script>\n<!-- \/ Yoast SEO plugin. -->","yoast_head_json":{"title":"Spedizioni | Mode Gaby Alto Adige | Trachten und Mode Gesch\u00e4ft","description":"Comprare online abbigliamento tradizionale dell\u2019Alto Adige. Pantaloni in pelle, Dirndl, Camicie e molto altro. ModeGaby.com","robots":{"index":"index","follow":"follow","max-snippet":"max-snippet:-1","max-image-preview":"max-image-preview:large","max-video-preview":"max-video-preview:-1"},"canonical":"https:\/\/modegaby.com\/it\/informazioni-spedizione\/","og_locale":"it_IT","og_type":"article","og_title":"Spedizioni | Mode Gaby Alto Adige | Trachten und Mode Gesch\u00e4ft","og_description":"Comprare online abbigliamento tradizionale dell\u2019Alto Adige. Pantaloni in pelle, Dirndl, Camicie e molto altro. ModeGaby.com","og_url":"https:\/\/modegaby.com\/it\/informazioni-spedizione\/","og_site_name":"Mode Gaby","twitter_card":"summary_large_image","twitter_misc":{"Tempo di lettura stimato":"4 minuti"},"schema":{"@context":"https:\/\/schema.org","@graph":[{"@type":"WebPage","@id":"https:\/\/modegaby.com\/it\/informazioni-spedizione\/","url":"https:\/\/modegaby.com\/it\/informazioni-spedizione\/","name":"Spedizioni | Mode Gaby Alto Adige | Trachten und Mode Gesch\u00e4ft","isPartOf":{"@id":"https:\/\/modegaby.com\/it\/#website"},"datePublished":"2020-07-01T11:51:26+00:00","dateModified":"2020-07-01T11:51:26+00:00","description":"Comprare online abbigliamento tradizionale dell\u2019Alto Adige. Pantaloni in pelle, Dirndl, Camicie e molto altro. ModeGaby.com","breadcrumb":{"@id":"https:\/\/modegaby.com\/it\/informazioni-spedizione\/#breadcrumb"},"inLanguage":"it-IT","potentialAction":[{"@type":"ReadAction","target":["https:\/\/modegaby.com\/it\/informazioni-spedizione\/"]}]},{"@type":"BreadcrumbList","@id":"https:\/\/modegaby.com\/it\/informazioni-spedizione\/#breadcrumb","itemListElement":[{"@type":"ListItem","position":1,"name":"Startseite","item":"https:\/\/modegaby.com\/it\/"},{"@type":"ListItem","position":2,"name":"Informazioni Spedizione"}]},{"@type":"WebSite","@id":"https:\/\/modegaby.com\/it\/#website","url":"https:\/\/modegaby.com\/it\/","name":"Mode Gaby","description":"Abbigliamento tradizionale e moda in Alto Adige","publisher":{"@id":"https:\/\/modegaby.com\/it\/#organization"},"potentialAction":[{"@type":"SearchAction","target":{"@type":"EntryPoint","urlTemplate":"https:\/\/modegaby.com\/it\/?s={search_term_string}"},"query-input":{"@type":"PropertyValueSpecification","valueRequired":true,"valueName":"search_term_string"}}],"inLanguage":"it-IT"},{"@type":"Organization","@id":"https:\/\/modegaby.com\/it\/#organization","name":"Mode Gaby","url":"https:\/\/modegaby.com\/it\/","logo":{"@type":"ImageObject","inLanguage":"it-IT","@id":"https:\/\/modegaby.com\/it\/#\/schema\/logo\/image\/","url":"https:\/\/modegaby.com\/wp-content\/uploads\/mode-gaby-logo-gross-1.png","contentUrl":"https:\/\/modegaby.com\/wp-content\/uploads\/mode-gaby-logo-gross-1.png","width":425,"height":195,"caption":"Mode Gaby"},"image":{"@id":"https:\/\/modegaby.com\/it\/#\/schema\/logo\/image\/"}}]}},"_links":{"self":[{"href":"https:\/\/modegaby.com\/it\/wp-json\/wp\/v2\/pages\/20990"}],"collection":[{"href":"https:\/\/modegaby.com\/it\/wp-json\/wp\/v2\/pages"}],"about":[{"href":"https:\/\/modegaby.com\/it\/wp-json\/wp\/v2\/types\/page"}],"author":[{"embeddable":true,"href":"https:\/\/modegaby.com\/it\/wp-json\/wp\/v2\/users\/1"}],"replies":[{"embeddable":true,"href":"https:\/\/modegaby.com\/it\/wp-json\/wp\/v2\/comments?post=20990"}],"version-history":[{"count":2,"href":"https:\/\/modegaby.com\/it\/wp-json\/wp\/v2\/pages\/20990\/revisions"}],"predecessor-version":[{"id":20992,"href":"https:\/\/modegaby.com\/it\/wp-json\/wp\/v2\/pages\/20990\/revisions\/20992"}],"wp:attachment":[{"href":"https:\/\/modegaby.com\/it\/wp-json\/wp\/v2\/media?parent=20990"}],"curies":[{"name":"wp","href":"https:\/\/api.w.org\/{rel}","templated":true}]}}