{"id":20888,"date":"2020-06-30T15:01:26","date_gmt":"2020-06-30T13:01:26","guid":{"rendered":"https:\/\/modegaby.com\/note-legali\/"},"modified":"2022-07-27T16:47:57","modified_gmt":"2022-07-27T14:47:57","slug":"note-legali","status":"publish","type":"page","link":"https:\/\/modegaby.com\/it\/note-legali\/","title":{"rendered":"Note legali"},"content":{"rendered":"<h2>Note legali &#8211; Mode Gaby Bressanone<\/h2>\n<h4>Responsabile:<\/h4>\n<p>Sport &#038; Mode Exklusiv di Vorhauser Gaby<br \/>\nVia Mercato Vecchio 20<br \/>\n39042 Bressanone<br \/>\nTel.: +39 0472 518 051<br \/>\ninfo@modegaby.com<br \/>\nwww.modegaby.com<\/p>\n<p>Part.IVA: IT01319180210<\/p>\n<p><strong>Rappresentato e responsabile del contenuto:<\/strong><br \/>\nVorhauser Gaby<br \/>\nVia Mercato Vecchio 20<br \/>\n39042 Bressanone<br \/>\nTel.: +39 0472 518 051<\/p>\n<h4>Concetto, design e realizzazione:<\/h4>\n<p>Minedesign SNC<br \/>\ndi Daniel Olivieri e Matthias Mur<br \/>\nvia Fraghes 6 &#8211; 39043 Chiusa<br \/>\nTel.: +39 0472 847 216<br \/>\n<a href=\"mailto:info@minedesign.it\">info@minedesign.it<\/a><br \/>\n<a href=\"http:\/\/www.minedesign.it\">www.minedesign.it<\/a><br \/>\nPart. IVA: IT02961340219<\/p>\n<h4>Riferimento grafica, immagini, foto e testi:<\/h4>\n<p>Vorhauser Gaby<br \/>\nAltenmarktgasse 20<br \/>\n39042 Brixen<br \/>\nTel.: +39 0472 518 051<\/p>\n<p>Fotos: Vorhauser Gaby, <a href=\"https:\/\/pixabay.com\" rel=\"noopener noreferrer\" target=\"_blank\">Pixabay<\/a>, <a href=\"https:\/\/www.pexels.com\/de-de\/\" rel=\"noopener noreferrer\" target=\"_blank\">Pexels<\/a>, <a href=\"https:\/\/unsplash.com\/\" rel=\"noopener noreferrer\" target=\"_blank\">Unsplash<\/a>.<\/p>\n<h4>Controversie secondo la normativa UE<\/h4>\n<p>Informazioni richieste dal regolamento (UE) n. 524\/2016 del Parlamento europeo e della piattaforma per la risoluzione online delle controversie in materia di consumo (ODR) della Commissione europea: <a href=\"https:\/\/ec.europa.eu\/consumers\/odr\/\">Link<\/a><\/p>\n<h3>Dichiariazione liberatoria<\/h3>\n<h4>Responsabilit\u00e0 per contenuti<\/h4>\n<p>I contenuti delle nostre pagine sono stati creati con la massima cura. Tuttavia, non ci assumiamo alcuna responsabilit\u00e0 per la correttezza, la completezza e l&#8217;attualit\u00e0 dei contenuti. In qualit\u00e0 di fornitore di servizi, siamo responsabili dei contenuti di queste pagine in conformit\u00e0 con le leggi generali. Tuttavia, in qualit\u00e0 di fornitore di servizi, non siamo obbligati a controllare le informazioni trasmesse o memorizzate da terzi o a indagare su circostanze che indicano un&#8217;attivit\u00e0 illegale. L&#8217;obbligo di rimuovere o bloccare l&#8217;uso delle informazioni in conformit\u00e0 alle leggi generali rimane inalterato. Tuttavia, la responsabilit\u00e0 a tale riguardo \u00e8 possibile solo a partire dal momento in cui si viene a conoscenza di una violazione concreta della legge. Non appena veniamo a conoscenza di tali violazioni, provvederemo a rimuovere immediatamente questi contenuti.<\/p>\n<h4>Responsabilit\u00e0 per i link<\/h4>\n<p>La nostra offerta contiene link a siti web esterni di terzi, sui cui contenuti non abbiamo alcuna influenza. Pertanto, non possiamo assumerci alcuna responsabilit\u00e0 per questi contenuti esterni. Il rispettivo fornitore o gestore delle pagine \u00e8 sempre responsabile dei contenuti delle pagine collegate. Le pagine collegate sono state controllate per verificare l&#8217;assenza di possibili infrazioni legali al momento del collegamento. I contenuti illegali non erano riconoscibili al momento del collegamento. Tuttavia, un controllo permanente dei contenuti delle pagine collegate non \u00e8 ragionevole senza prove concrete di una violazione della legge. Noi rimuoveremo tali link immediatamente dopo essere venuti a conoscenza di eventuali violazioni della legge.<\/p>\n<h4>Copyright<\/h4>\n<p>I contenuti e le opere presenti su queste pagine create dal proprietario del sito web e da terzi con accesso amministratore sono soggetti a copyright. La duplicazione, l&#8217;elaborazione, la distribuzione e qualsiasi forma di commercializzazione di tale materiale al di fuori dell&#8217;ambito della legge sul diritto d&#8217;autore richiede il previo consenso scritto del rispettivo autore o creatore. Il download e le copie di queste pagine sono consentiti solo per uso privato e non commerciale. Nella misura in cui il contenuto di questo sito non \u00e8 stato creato dal gestore, i diritti d&#8217;autore di terzi sono rispettati. In particolare, i contenuti di terzi sono contrassegnati come tali. Qualora venisse comunque a conoscenza di una violazione del diritto d&#8217;autore, la preghiamo di informarci di conseguenza. Non appena ci rendiamo conto di eventuali violazioni della legge, elimineremo immediatamente tali contenuti.<\/p>\n<h4>Informazioni NON contenute in questa note legale<\/h4>\n<p>Ulteriori informazioni possono essere richieste in qualsiasi momento al responsabile utilizzando i dati di contatto forniti. Questa note legale riguarda solo questo sito web.<\/p>\n","protected":false},"excerpt":{"rendered":"<p>Note legali &#8211; Mode Gaby Bressanone Responsabile: Sport &#038; Mode Exklusiv di Vorhauser Gaby Via Mercato Vecchio 20 39042 Bressanone<\/p>\n","protected":false},"author":1,"featured_media":0,"parent":0,"menu_order":0,"comment_status":"closed","ping_status":"closed","template":"","meta":{"footnotes":""},"yoast_head":"<!-- This site is optimized with the Yoast SEO plugin v23.5 - https:\/\/yoast.com\/wordpress\/plugins\/seo\/ -->\n<title>Note legali | Mode Gaby a Bressanone Alto Adige | Abbigliamento tradizionale<\/title>\n<meta name=\"description\" content=\"Acquista i abbigliamento tradizionali nel nostro online shop. Vestiti tradizionali per signore, signori e bambini. Pantaloni di pelle, dirndl, camicie...\" \/>\n<meta name=\"robots\" content=\"noindex, nofollow\" \/>\n<meta property=\"og:locale\" content=\"it_IT\" \/>\n<meta property=\"og:type\" content=\"article\" \/>\n<meta property=\"og:title\" content=\"Note legali | Mode Gaby a Bressanone Alto Adige | Abbigliamento tradizionale\" \/>\n<meta property=\"og:description\" content=\"Acquista i abbigliamento tradizionali nel nostro online shop. Vestiti tradizionali per signore, signori e bambini. Pantaloni di pelle, dirndl, camicie...\" \/>\n<meta property=\"og:url\" content=\"https:\/\/modegaby.com\/it\/note-legali\/\" \/>\n<meta property=\"og:site_name\" content=\"Mode Gaby\" \/>\n<meta property=\"article:modified_time\" content=\"2022-07-27T14:47:57+00:00\" \/>\n<meta name=\"twitter:card\" content=\"summary_large_image\" \/>\n<meta name=\"twitter:label1\" content=\"Tempo di lettura stimato\" \/>\n\t<meta name=\"twitter:data1\" content=\"4 minuti\" \/>\n<script type=\"application\/ld+json\" class=\"yoast-schema-graph\">{\"@context\":\"https:\/\/schema.org\",\"@graph\":[{\"@type\":\"WebPage\",\"@id\":\"https:\/\/modegaby.com\/it\/note-legali\/\",\"url\":\"https:\/\/modegaby.com\/it\/note-legali\/\",\"name\":\"Note legali | Mode Gaby a Bressanone Alto Adige | Abbigliamento tradizionale\",\"isPartOf\":{\"@id\":\"https:\/\/modegaby.com\/it\/#website\"},\"datePublished\":\"2020-06-30T13:01:26+00:00\",\"dateModified\":\"2022-07-27T14:47:57+00:00\",\"description\":\"Acquista i abbigliamento tradizionali nel nostro online shop. Vestiti tradizionali per signore, signori e bambini. Pantaloni di pelle, dirndl, camicie...\",\"breadcrumb\":{\"@id\":\"https:\/\/modegaby.com\/it\/note-legali\/#breadcrumb\"},\"inLanguage\":\"it-IT\",\"potentialAction\":[{\"@type\":\"ReadAction\",\"target\":[\"https:\/\/modegaby.com\/it\/note-legali\/\"]}]},{\"@type\":\"BreadcrumbList\",\"@id\":\"https:\/\/modegaby.com\/it\/note-legali\/#breadcrumb\",\"itemListElement\":[{\"@type\":\"ListItem\",\"position\":1,\"name\":\"Startseite\",\"item\":\"https:\/\/modegaby.com\/it\/\"},{\"@type\":\"ListItem\",\"position\":2,\"name\":\"Note legali\"}]},{\"@type\":\"WebSite\",\"@id\":\"https:\/\/modegaby.com\/it\/#website\",\"url\":\"https:\/\/modegaby.com\/it\/\",\"name\":\"Mode Gaby\",\"description\":\"Abbigliamento tradizionale e moda in Alto Adige\",\"publisher\":{\"@id\":\"https:\/\/modegaby.com\/it\/#organization\"},\"potentialAction\":[{\"@type\":\"SearchAction\",\"target\":{\"@type\":\"EntryPoint\",\"urlTemplate\":\"https:\/\/modegaby.com\/it\/?s={search_term_string}\"},\"query-input\":{\"@type\":\"PropertyValueSpecification\",\"valueRequired\":true,\"valueName\":\"search_term_string\"}}],\"inLanguage\":\"it-IT\"},{\"@type\":\"Organization\",\"@id\":\"https:\/\/modegaby.com\/it\/#organization\",\"name\":\"Mode Gaby\",\"url\":\"https:\/\/modegaby.com\/it\/\",\"logo\":{\"@type\":\"ImageObject\",\"inLanguage\":\"it-IT\",\"@id\":\"https:\/\/modegaby.com\/it\/#\/schema\/logo\/image\/\",\"url\":\"https:\/\/modegaby.com\/wp-content\/uploads\/mode-gaby-logo-gross-1.png\",\"contentUrl\":\"https:\/\/modegaby.com\/wp-content\/uploads\/mode-gaby-logo-gross-1.png\",\"width\":425,\"height\":195,\"caption\":\"Mode Gaby\"},\"image\":{\"@id\":\"https:\/\/modegaby.com\/it\/#\/schema\/logo\/image\/\"}}]}<\/script>\n<!-- \/ Yoast SEO plugin. -->","yoast_head_json":{"title":"Note legali | Mode Gaby a Bressanone Alto Adige | Abbigliamento tradizionale","description":"Acquista i abbigliamento tradizionali nel nostro online shop. Vestiti tradizionali per signore, signori e bambini. Pantaloni di pelle, dirndl, camicie...","robots":{"index":"noindex","follow":"nofollow"},"og_locale":"it_IT","og_type":"article","og_title":"Note legali | Mode Gaby a Bressanone Alto Adige | Abbigliamento tradizionale","og_description":"Acquista i abbigliamento tradizionali nel nostro online shop. Vestiti tradizionali per signore, signori e bambini. Pantaloni di pelle, dirndl, camicie...","og_url":"https:\/\/modegaby.com\/it\/note-legali\/","og_site_name":"Mode Gaby","article_modified_time":"2022-07-27T14:47:57+00:00","twitter_card":"summary_large_image","twitter_misc":{"Tempo di lettura stimato":"4 minuti"},"schema":{"@context":"https:\/\/schema.org","@graph":[{"@type":"WebPage","@id":"https:\/\/modegaby.com\/it\/note-legali\/","url":"https:\/\/modegaby.com\/it\/note-legali\/","name":"Note legali | Mode Gaby a Bressanone Alto Adige | Abbigliamento tradizionale","isPartOf":{"@id":"https:\/\/modegaby.com\/it\/#website"},"datePublished":"2020-06-30T13:01:26+00:00","dateModified":"2022-07-27T14:47:57+00:00","description":"Acquista i abbigliamento tradizionali nel nostro online shop. Vestiti tradizionali per signore, signori e bambini. Pantaloni di pelle, dirndl, camicie...","breadcrumb":{"@id":"https:\/\/modegaby.com\/it\/note-legali\/#breadcrumb"},"inLanguage":"it-IT","potentialAction":[{"@type":"ReadAction","target":["https:\/\/modegaby.com\/it\/note-legali\/"]}]},{"@type":"BreadcrumbList","@id":"https:\/\/modegaby.com\/it\/note-legali\/#breadcrumb","itemListElement":[{"@type":"ListItem","position":1,"name":"Startseite","item":"https:\/\/modegaby.com\/it\/"},{"@type":"ListItem","position":2,"name":"Note legali"}]},{"@type":"WebSite","@id":"https:\/\/modegaby.com\/it\/#website","url":"https:\/\/modegaby.com\/it\/","name":"Mode Gaby","description":"Abbigliamento tradizionale e moda in Alto Adige","publisher":{"@id":"https:\/\/modegaby.com\/it\/#organization"},"potentialAction":[{"@type":"SearchAction","target":{"@type":"EntryPoint","urlTemplate":"https:\/\/modegaby.com\/it\/?s={search_term_string}"},"query-input":{"@type":"PropertyValueSpecification","valueRequired":true,"valueName":"search_term_string"}}],"inLanguage":"it-IT"},{"@type":"Organization","@id":"https:\/\/modegaby.com\/it\/#organization","name":"Mode Gaby","url":"https:\/\/modegaby.com\/it\/","logo":{"@type":"ImageObject","inLanguage":"it-IT","@id":"https:\/\/modegaby.com\/it\/#\/schema\/logo\/image\/","url":"https:\/\/modegaby.com\/wp-content\/uploads\/mode-gaby-logo-gross-1.png","contentUrl":"https:\/\/modegaby.com\/wp-content\/uploads\/mode-gaby-logo-gross-1.png","width":425,"height":195,"caption":"Mode Gaby"},"image":{"@id":"https:\/\/modegaby.com\/it\/#\/schema\/logo\/image\/"}}]}},"_links":{"self":[{"href":"https:\/\/modegaby.com\/it\/wp-json\/wp\/v2\/pages\/20888"}],"collection":[{"href":"https:\/\/modegaby.com\/it\/wp-json\/wp\/v2\/pages"}],"about":[{"href":"https:\/\/modegaby.com\/it\/wp-json\/wp\/v2\/types\/page"}],"author":[{"embeddable":true,"href":"https:\/\/modegaby.com\/it\/wp-json\/wp\/v2\/users\/1"}],"replies":[{"embeddable":true,"href":"https:\/\/modegaby.com\/it\/wp-json\/wp\/v2\/comments?post=20888"}],"version-history":[{"count":1,"href":"https:\/\/modegaby.com\/it\/wp-json\/wp\/v2\/pages\/20888\/revisions"}],"predecessor-version":[{"id":22264,"href":"https:\/\/modegaby.com\/it\/wp-json\/wp\/v2\/pages\/20888\/revisions\/22264"}],"wp:attachment":[{"href":"https:\/\/modegaby.com\/it\/wp-json\/wp\/v2\/media?parent=20888"}],"curies":[{"name":"wp","href":"https:\/\/api.w.org\/{rel}","templated":true}]}}