{"id":20887,"date":"2020-06-30T14:52:06","date_gmt":"2020-06-30T12:52:06","guid":{"rendered":"https:\/\/modegaby.com\/privacy\/"},"modified":"2022-07-27T17:08:03","modified_gmt":"2022-07-27T15:08:03","slug":"privacy","status":"publish","type":"page","link":"https:\/\/modegaby.com\/it\/privacy\/","title":{"rendered":"Privacy"},"content":{"rendered":"<h2>Privacy &#8211; Mode Gaby<\/h2>\n<h3>Informazioni<\/h3>\n<p>La presente dichiarazione sulla protezione dei dati personali in conformit\u00e0 alla direttiva UE n. 679\/2016 informa gli utenti di questo sito web circa la natura, la portata e lo scopo della raccolta e dell&#8217;utilizzo dei dati personali da parte del titolare del sito web.<\/p>\n<p><strong>Responsabile \/ Proprietario:<\/strong><br \/>\nSport &amp; Mode Exklusiv di Vorhauser Gaby<br \/>\nVia Mercato Vecchio 20<br \/>\n39042 Bressanone<br \/>\nTel.: +39 0472 518 051<br \/>\ninfo@modegaby.com<br \/>\nwww.modegaby.com<\/p>\n<p><strong>Persona di riferimento:<\/strong><br \/>\nVorhauser Gaby<br \/>\nTel.: +39 0472 518 051<br \/>\ninfo@modegaby.com<\/p>\n<p>Il titolare del sito web prende sul serio la vostra privacy e tratta i vostri dati personali in modo confidenziale e in conformit\u00e0 con le disposizioni di legge.<\/p>\n<p>Le definizioni dei termini utilizzati (ad es. &#8220;dati personali&#8221; o &#8220;trattamento&#8221;) sono riportate nell&#8217;articolo 4 dell\u2019 DSGVO.<\/p>\n<h3>Raccolta e trattamento dei dati personali<\/h3>\n<p>Il titolare del sito web raccoglie, utilizza e divulga i vostri dati personali solo se ci\u00f2 \u00e8 consentito dalla legge o se voi acconsentite alla raccolta dei dati. I dati personali sono tutte le informazioni che servono a determinare la vostra persona e che possono essere ricondotte a voi &#8211; ad esempio il vostro nome, indirizzo e-mail e numero di telefono.<\/p>\n<p>\u00c8 inoltre possibile visitare questo sito web senza fornire alcuna informazione personale. Al fine di migliorare i nostri servizi online, tuttavia, conserviamo i vostri dati di accesso a questo sito web (senza alcun riferimento personale). Questi dati di accesso includono, ad esempio, il file richiesto o il nome del vostro provider Internet. L&#8217;utente di questo sito web \u00e8 responsabile di tutti i dati personali di terzi che vengono pubblicati o trasmessi attraverso questo sito web. Con la presente confermi di aver ottenuto il consenso al trasferimento di dati personali di terzi su questo sito web. l\u2019 anonimizzazione dei dati non consente di trarre conclusioni sulla propria persona.<\/p>\n<p>&nbsp;<\/p>\n<h3>Finalit\u00e0 dell&#8217;utilizzo dei dati raccolti<\/h3>\n<p>I dati relativi all&#8217;utente sono raccolti per le seguenti finalit\u00e0:<br \/>\n\u2022 Fornitura di servizi da parte del proprietario<br \/>\n\u2022 Analisi e interazione con le piattaforme e i social network esterni<br \/>\n\u2022 Creazione di statistiche<br \/>\n\u2022 Creazione di newsletter e offerte<\/p>\n<p>&nbsp;<\/p>\n<h3>Dati di accesso<\/h3>\n<p>I Logfiles vengono memorizzati sul Webspace. Questi Logfiles contengono l&#8217;indirizzo IP del visitatore e quindi i dati personali. Qui vengono registrati i seguenti dati:<br \/>\n\u2022 Sito web visitato<br \/>\n\u2022 Ora e durata dell&#8217;accesso<br \/>\n\u2022 Quantit\u00e0 di dati inviati in byte<br \/>\n\u2022 Riferimento da cui si \u00e8 giunti alla pagina<br \/>\n\u2022 Browser usato<br \/>\n\u2022 Sistema operativo utilizzato<br \/>\n\u2022 Indirizzo IP utilizzato<\/p>\n<p>\u00c8 possibile visualizzare i Logfiles. Si trovano nella cartella \/log del tuo Webspace. I dati correnti sono memorizzati nei file access_log e error_log. L&#8217;indirizzo IP viene reso anonimo dopo 24 ore; l&#8217;ultimo ottetto viene azzerato. La cancellazione avviene al pi\u00f9 tardi dopo 7 giorni. I file di log sono raccolti e memorizzati per mantenere il funzionamento del server e per la valutazione statistica.<\/p>\n<p>&nbsp;<\/p>\n<h3>Gestione dei dati di contatto<\/h3>\n<p>Se ci contatti come proprietario del sito web attraverso le opzioni di contatto offerte, i tuoi dati saranno memorizzati in modo che possano essere utilizzati per elaborare e rispondere alle tue richieste. Questi dati non saranno trasmessi a terzi senza il vostro consenso.<\/p>\n<p>&nbsp;<\/p>\n<h3>Trattamento dei commenti e dei contributi<\/h3>\n<p>Se lasciate un contributo su questo sito web, commento o richiesta (Mail) il vostro indirizzo IP viene memorizzato. Ci\u00f2 avviene sulla base dei nostri legittimi interessi come definiti nell&#8217;art. 6 comma 1 lettera f. DSGVO e serve la sicurezza di noi come proprietari di siti web: Perch\u00e9 se il tuo commento viola la legge applicabile, possiamo essere perseguiti per questo, ed \u00e8 per questo che abbiamo un interesse per l&#8217;identit\u00e0 dell&#8217;autore del commento o collaboratore.<\/p>\n<p>&nbsp;<\/p>\n<h3>Elaborazione dei dati<\/h3>\n<p>Il trattamento dei dati \u00e8 effettuato con l&#8217;ausilio di mezzi elettronici da parte del responsabile del sito web e di soggetti terzi a cui \u00e8 stato concesso l&#8217;accesso ai dati del sito web. I seguenti possono avere questo accesso: Il personale proprietario del sito, gli amministratori di sistema e terzi, quali fornitori di servizi tecnici terzi, fornitori di hosting, societ\u00e0 informatiche o agenzie di comunicazione.<\/p>\n<p>&nbsp;<\/p>\n<h3>Misura della gamma e cookie<\/h3>\n<p>Questo sito web utilizza i cookies per la misurazione della portata con pseudonimo, che vengono trasmessi dal nostro server o da server di terzi (Youtube, Google Analytics, Google Maps, Google Plus, Facebook, Instagram, Twitter, Cleverreach) al browser dell&#8217;utente. I cookie sono piccoli file che vengono memorizzati sul vostro dispositivo finale. Il tuo browser accede a questi file. L&#8217;uso dei cookie aumenta la facilit\u00e0 d&#8217;uso e la sicurezza di questo sito web.<br \/>\nSe non si desidera che i cookie vengano memorizzati sul dispositivo finale per la misurazione del raggio d&#8217;azione, \u00e8 possibile opporsi all&#8217;uso di questi file qui:<\/p>\n<p>\u2022 Pagina di disattivazione dei cookie del sito web europeo: <a href=\"http:\/\/optout.networkadvertising.org\/?c=1#!%2F\">Opt Out of Interest<\/a><\/p>\n<p>GI browser comuni offrono la possibilit\u00e0 di non accettare i cookie. Nota: Non \u00e8 garantito che si possa accedere a tutte le funzioni di questo sito web senza restrizioni se si effettuano le impostazioni appropriate.<\/p>\n<p>&nbsp;<\/p>\n<h3>Elaborazione degli ordini Webshop e nel conto clienti<\/h3>\n<p>Elaboriamo i dati dei nostri clienti nell&#8217;ambito dei processi di ordinazione nel nostro negozio online, al fine di consentire loro di selezionare e ordinare i prodotti e servizi selezionati, nonch\u00e9 il loro pagamento e consegna o esecuzione. I dati elaborati comprendono i dati di inventario, i dati di comunicazione, i dati contrattuali, i dati di pagamento e le persone interessate dall&#8217;elaborazione includono i nostri clienti, le parti interessate e altri partner commerciali. L&#8217;elaborazione viene effettuata allo scopo di fornire servizi contrattuali nell&#8217;ambito della gestione di un negozio online, della fatturazione, della consegna e del servizio clienti. Utilizziamo i cookie di sessione per memorizzare il contenuto del carrello della spesa e i cookie permanenti per memorizzare lo stato del login. L&#8217;elaborazione viene eseguita per l&#8217;adempimento dei nostri servizi e per l&#8217;esecuzione di misure contrattuali (ad es. esecuzione di ordini) e nella misura in cui ci\u00f2 \u00e8 richiesto dalla legge (ad es. archiviazione delle transazioni commerciali per scopi commerciali e fiscali). I dati contrassegnati come necessari sono necessari per comprovare ed eseguire il contratto. Comunichiamo i dati a terzi solo nell&#8217;ambito della fornitura, del pagamento o nell&#8217;ambito delle autorizzazioni e degli obblighi di legge, e anche se ci\u00f2 avviene sulla base dei nostri interessi legittimi, di cui vi informiamo nell&#8217;ambito della presente dichiarazione di protezione dei dati (ad esempio, a consulenti legali e fiscali, istituti finanziari, societ\u00e0 di trasporto e autorit\u00e0). Gli utenti possono opzionalmente creare un account utente visualizzando in particolare i loro ordini. Nell&#8217;ambito della registrazione, le informazioni obbligatorie richieste saranno comunicate agli utenti. Gli account utente non sono pubblici e non possono essere indicizzati dai motori di ricerca. Se gli utenti hanno disdetto il loro account utente, i loro dati saranno cancellati per quanto riguarda l&#8217;account utente, fatta salva la sua conservazione \u00e8 necessaria per motivi commerciali o fiscali. Le informazioni contenute nel conto cliente rimangono fino alla loro cancellazione con successiva archiviazione nel caso di un obbligo legale o dei nostri legittimi interessi (ad esempio, in caso di controversia). \u00c8 responsabilit\u00e0 dell&#8217;utente proteggere i propri dati prima della fine del contratto in caso di risoluzione del contratto. Nell&#8217;ambito della registrazione e delle nuove registrazioni nonch\u00e9 dell&#8217;utilizzo dei nostri servizi online, memorizziamo l&#8217;indirizzo IP e l&#8217;ora della rispettiva azione dell&#8217;utente. La memorizzazione si basa sui nostri interessi legittimi, cos\u00ec come la protezione dell&#8217;utente contro l&#8217;uso improprio e altri usi non autorizzati. Questi dati non saranno trasmessi a terzi, a meno che ci\u00f2 non sia necessario in quanto interesse legittimo per perseguire i nostri diritti legali o a meno che non vi sia un obbligo legale di farlo. La cancellazione avviene dopo la scadenza della garanzia legale e di altri diritti o obblighi contrattuali (ad esempio, diritti di pagamento o obblighi di esecuzione dei contratti con i clienti), per cui la necessit\u00e0 della memorizzazione dei dati viene verificata ogni tre anni; in caso di memorizzazione per obblighi di archiviazione previsti dalla legge, la cancellazione avviene, seppur dopo la loro scadenza.<\/p>\n<p>&nbsp;<\/p>\n<h3>Social Media<\/h3>\n<p>Il titolare del sito web mantiene le presenze online all&#8217;interno dei social network e delle piattaforme. Per il richiamo delle reti utilizzate si applicano le direttive sulla protezione dei dati dei rispettivi operatori.<\/p>\n<p><strong>Facebook:<\/strong><br \/>\nIl Facebook Plugin\/Widget del social network Facebook, 1601 South California Avenue, Palo Alto, CA 94304, USA, pu\u00f2 essere riconosciuto dal logo o dal rispettivo &#8220;pulsante&#8221;. Si stabilisce una connessione diretta tra il browser della persona interessata e il server del social network. Maggiori informazioni sono disponibili nell&#8217;informativa sulla <a href=\"https:\/\/de-de.facebook.com\/policy.php\">privacy di Facebook<\/a><\/p>\n<p><strong>Instagram:<\/strong><br \/>\nIl Plugin\/Widget Instagram del social network Instagram LLC, 1601 Willow Road, Menlo Park, CA 94025 USA, pu\u00f2 essere riconosciuto dal suo logo o pulsante. Si stabilisce una connessione diretta tra il browser della persona interessata e il server del social network. Per ulteriori informazioni, vedere l&#8217;informativa sulla <a href=\" https:\/\/help.instagram.com\/519522125107875?helpref=page_content\">privacy di Instagram.<\/a><\/p>\n<h3>Google-Maps-Widget (Google Inc.)<\/h3>\n<p>Google Maps (Google Maps (Google Inc. &#8211; United States Processing Site) \u00e8 un servizio di visualizzazione delle mappe fornito per consentire a questo sito web di includere contenuti appropriati nelle sue pagine. Vengono utilizzati dati personali come i cookie e i dati di utilizzo. Informazioni in merito si trovano nella politica sulla <a href=\"https:\/\/policies.google.com\/privacy?hl=de&amp;gl=it\">privacy di Google Maps.<\/a><\/p>\n<p>&nbsp;<\/p>\n<h3>Diritti dell&#8217;utente<\/h3>\n<p>L&#8217;utente ha il diritto di richiedere informazioni gratuite su quali dati personali che lo riguardano sono stati memorizzati. Avete anche il diritto di far rettificare i dati falsi e di farli limitare o cancellare. Se del caso, si pu\u00f2 anche esercitare il diritto alla portabilit\u00e0 dei dati. Se ritenete che i vostri dati siano stati trattati illegalmente, potete presentare un reclamo all&#8217;autorit\u00e0 di regolamentazione competente.<\/p>\n<p>&nbsp;<\/p>\n<h3>Cancellazione dei dati<\/h3>\n<p>A meno che la vostra richiesta non sia in conflitto con un obbligo legale di conservazione dei dati (ad es. conservazione dei dati), avete il diritto di cancellare i vostri dati. I dati da noi memorizzati saranno cancellati se non sono pi\u00f9 necessari per il loro scopo e non ci sono periodi di conservazione legali. Se la cancellazione non pu\u00f2 essere effettuata perch\u00e9 i dati sono necessari per scopi legali consentiti, il trattamento dei dati sar\u00e0 limitato. In questo caso, i dati saranno bloccati e non trattati per altre finalit\u00e0.<\/p>\n<p>&nbsp;<\/p>\n<h3>Modifica della presente informativa sulla privacy<\/h3>\n<p>Il responsabile si riserva il diritto di apportare modifiche alla presente dichiarazione di protezione dei dati in qualsiasi momento, informandone gli utenti su questa pagina. Si consiglia pertanto agli utenti di visitare regolarmente questa pagina e di controllare la data dell&#8217;ultima modifica indicata in fondo alla pagina. Se un utente rifiuta una modifica della dichiarazione di protezione dei dati, non pu\u00f2 pi\u00f9 utilizzare questo sito web e pu\u00f2 chiedere all&#8217;autorit\u00e0 competente di cancellare i suoi dati personali. Salvo diversa indicazione, la presente dichiarazione sulla protezione dei dati si applica a tutti i dati personali memorizzati dall&#8217;ufficio competente in merito a un utente.<\/p>\n<p>&nbsp;<\/p>\n<h3>Informazioni non contenute nella presente informativa sulla privacy<\/h3>\n<p>Ulteriori informazioni sulla raccolta o sul trattamento dei dati personali possono essere richieste in qualsiasi momento dal titolare del trattamento utilizzando i recapiti forniti.<\/p>\n","protected":false},"excerpt":{"rendered":"<p>Privacy &#8211; Mode Gaby Informazioni La presente dichiarazione sulla protezione dei dati personali in conformit\u00e0 alla direttiva UE n. 679\/2016<\/p>\n","protected":false},"author":1,"featured_media":0,"parent":0,"menu_order":0,"comment_status":"closed","ping_status":"open","template":"","meta":{"footnotes":""},"yoast_head":"<!-- This site is optimized with the Yoast SEO plugin v23.5 - https:\/\/yoast.com\/wordpress\/plugins\/seo\/ -->\n<title>Privacy | Mode Gaby a Bressanone Alto Adige | Abbigliamenti tradizionali<\/title>\n<meta name=\"description\" content=\"Acquista i abbiliamenti tradizionali online. Vestiti tradizionali per signore, signori e bambini. Pantaloni di pelle, dirndl, camicie... Negozio online Costumi tradizionali\" \/>\n<meta name=\"robots\" content=\"noindex, nofollow\" \/>\n<meta property=\"og:locale\" content=\"it_IT\" \/>\n<meta property=\"og:type\" content=\"article\" \/>\n<meta property=\"og:title\" content=\"Privacy | Mode Gaby a Bressanone Alto Adige | Abbigliamenti tradizionali\" \/>\n<meta property=\"og:description\" content=\"Acquista i abbiliamenti tradizionali online. Vestiti tradizionali per signore, signori e bambini. Pantaloni di pelle, dirndl, camicie... Negozio online Costumi tradizionali\" \/>\n<meta property=\"og:url\" content=\"https:\/\/modegaby.com\/it\/privacy\/\" \/>\n<meta property=\"og:site_name\" content=\"Mode Gaby\" \/>\n<meta property=\"article:modified_time\" content=\"2022-07-27T15:08:03+00:00\" \/>\n<meta name=\"twitter:card\" content=\"summary_large_image\" \/>\n<meta name=\"twitter:label1\" content=\"Tempo di lettura stimato\" \/>\n\t<meta name=\"twitter:data1\" content=\"11 minuti\" \/>\n<script type=\"application\/ld+json\" class=\"yoast-schema-graph\">{\"@context\":\"https:\/\/schema.org\",\"@graph\":[{\"@type\":\"WebPage\",\"@id\":\"https:\/\/modegaby.com\/it\/privacy\/\",\"url\":\"https:\/\/modegaby.com\/it\/privacy\/\",\"name\":\"Privacy | Mode Gaby a Bressanone Alto Adige | Abbigliamenti tradizionali\",\"isPartOf\":{\"@id\":\"https:\/\/modegaby.com\/it\/#website\"},\"datePublished\":\"2020-06-30T12:52:06+00:00\",\"dateModified\":\"2022-07-27T15:08:03+00:00\",\"description\":\"Acquista i abbiliamenti tradizionali online. Vestiti tradizionali per signore, signori e bambini. Pantaloni di pelle, dirndl, camicie... Negozio online Costumi tradizionali\",\"breadcrumb\":{\"@id\":\"https:\/\/modegaby.com\/it\/privacy\/#breadcrumb\"},\"inLanguage\":\"it-IT\",\"potentialAction\":[{\"@type\":\"ReadAction\",\"target\":[\"https:\/\/modegaby.com\/it\/privacy\/\"]}]},{\"@type\":\"BreadcrumbList\",\"@id\":\"https:\/\/modegaby.com\/it\/privacy\/#breadcrumb\",\"itemListElement\":[{\"@type\":\"ListItem\",\"position\":1,\"name\":\"Startseite\",\"item\":\"https:\/\/modegaby.com\/it\/\"},{\"@type\":\"ListItem\",\"position\":2,\"name\":\"Privacy\"}]},{\"@type\":\"WebSite\",\"@id\":\"https:\/\/modegaby.com\/it\/#website\",\"url\":\"https:\/\/modegaby.com\/it\/\",\"name\":\"Mode Gaby\",\"description\":\"Abbigliamento tradizionale e moda in Alto Adige\",\"publisher\":{\"@id\":\"https:\/\/modegaby.com\/it\/#organization\"},\"potentialAction\":[{\"@type\":\"SearchAction\",\"target\":{\"@type\":\"EntryPoint\",\"urlTemplate\":\"https:\/\/modegaby.com\/it\/?s={search_term_string}\"},\"query-input\":{\"@type\":\"PropertyValueSpecification\",\"valueRequired\":true,\"valueName\":\"search_term_string\"}}],\"inLanguage\":\"it-IT\"},{\"@type\":\"Organization\",\"@id\":\"https:\/\/modegaby.com\/it\/#organization\",\"name\":\"Mode Gaby\",\"url\":\"https:\/\/modegaby.com\/it\/\",\"logo\":{\"@type\":\"ImageObject\",\"inLanguage\":\"it-IT\",\"@id\":\"https:\/\/modegaby.com\/it\/#\/schema\/logo\/image\/\",\"url\":\"https:\/\/modegaby.com\/wp-content\/uploads\/mode-gaby-logo-gross-1.png\",\"contentUrl\":\"https:\/\/modegaby.com\/wp-content\/uploads\/mode-gaby-logo-gross-1.png\",\"width\":425,\"height\":195,\"caption\":\"Mode Gaby\"},\"image\":{\"@id\":\"https:\/\/modegaby.com\/it\/#\/schema\/logo\/image\/\"}}]}<\/script>\n<!-- \/ Yoast SEO plugin. -->","yoast_head_json":{"title":"Privacy | Mode Gaby a Bressanone Alto Adige | Abbigliamenti tradizionali","description":"Acquista i abbiliamenti tradizionali online. Vestiti tradizionali per signore, signori e bambini. Pantaloni di pelle, dirndl, camicie... Negozio online Costumi tradizionali","robots":{"index":"noindex","follow":"nofollow"},"og_locale":"it_IT","og_type":"article","og_title":"Privacy | Mode Gaby a Bressanone Alto Adige | Abbigliamenti tradizionali","og_description":"Acquista i abbiliamenti tradizionali online. Vestiti tradizionali per signore, signori e bambini. Pantaloni di pelle, dirndl, camicie... Negozio online Costumi tradizionali","og_url":"https:\/\/modegaby.com\/it\/privacy\/","og_site_name":"Mode Gaby","article_modified_time":"2022-07-27T15:08:03+00:00","twitter_card":"summary_large_image","twitter_misc":{"Tempo di lettura stimato":"11 minuti"},"schema":{"@context":"https:\/\/schema.org","@graph":[{"@type":"WebPage","@id":"https:\/\/modegaby.com\/it\/privacy\/","url":"https:\/\/modegaby.com\/it\/privacy\/","name":"Privacy | Mode Gaby a Bressanone Alto Adige | Abbigliamenti tradizionali","isPartOf":{"@id":"https:\/\/modegaby.com\/it\/#website"},"datePublished":"2020-06-30T12:52:06+00:00","dateModified":"2022-07-27T15:08:03+00:00","description":"Acquista i abbiliamenti tradizionali online. Vestiti tradizionali per signore, signori e bambini. Pantaloni di pelle, dirndl, camicie... Negozio online Costumi tradizionali","breadcrumb":{"@id":"https:\/\/modegaby.com\/it\/privacy\/#breadcrumb"},"inLanguage":"it-IT","potentialAction":[{"@type":"ReadAction","target":["https:\/\/modegaby.com\/it\/privacy\/"]}]},{"@type":"BreadcrumbList","@id":"https:\/\/modegaby.com\/it\/privacy\/#breadcrumb","itemListElement":[{"@type":"ListItem","position":1,"name":"Startseite","item":"https:\/\/modegaby.com\/it\/"},{"@type":"ListItem","position":2,"name":"Privacy"}]},{"@type":"WebSite","@id":"https:\/\/modegaby.com\/it\/#website","url":"https:\/\/modegaby.com\/it\/","name":"Mode Gaby","description":"Abbigliamento tradizionale e moda in Alto Adige","publisher":{"@id":"https:\/\/modegaby.com\/it\/#organization"},"potentialAction":[{"@type":"SearchAction","target":{"@type":"EntryPoint","urlTemplate":"https:\/\/modegaby.com\/it\/?s={search_term_string}"},"query-input":{"@type":"PropertyValueSpecification","valueRequired":true,"valueName":"search_term_string"}}],"inLanguage":"it-IT"},{"@type":"Organization","@id":"https:\/\/modegaby.com\/it\/#organization","name":"Mode Gaby","url":"https:\/\/modegaby.com\/it\/","logo":{"@type":"ImageObject","inLanguage":"it-IT","@id":"https:\/\/modegaby.com\/it\/#\/schema\/logo\/image\/","url":"https:\/\/modegaby.com\/wp-content\/uploads\/mode-gaby-logo-gross-1.png","contentUrl":"https:\/\/modegaby.com\/wp-content\/uploads\/mode-gaby-logo-gross-1.png","width":425,"height":195,"caption":"Mode Gaby"},"image":{"@id":"https:\/\/modegaby.com\/it\/#\/schema\/logo\/image\/"}}]}},"_links":{"self":[{"href":"https:\/\/modegaby.com\/it\/wp-json\/wp\/v2\/pages\/20887"}],"collection":[{"href":"https:\/\/modegaby.com\/it\/wp-json\/wp\/v2\/pages"}],"about":[{"href":"https:\/\/modegaby.com\/it\/wp-json\/wp\/v2\/types\/page"}],"author":[{"embeddable":true,"href":"https:\/\/modegaby.com\/it\/wp-json\/wp\/v2\/users\/1"}],"replies":[{"embeddable":true,"href":"https:\/\/modegaby.com\/it\/wp-json\/wp\/v2\/comments?post=20887"}],"version-history":[{"count":2,"href":"https:\/\/modegaby.com\/it\/wp-json\/wp\/v2\/pages\/20887\/revisions"}],"predecessor-version":[{"id":22266,"href":"https:\/\/modegaby.com\/it\/wp-json\/wp\/v2\/pages\/20887\/revisions\/22266"}],"wp:attachment":[{"href":"https:\/\/modegaby.com\/it\/wp-json\/wp\/v2\/media?parent=20887"}],"curies":[{"name":"wp","href":"https:\/\/api.w.org\/{rel}","templated":true}]}}